{"id":11236,"date":"2025-07-06T13:57:13","date_gmt":"2025-07-06T13:57:13","guid":{"rendered":"https:\/\/eidbatiments.com\/?page_id=11236"},"modified":"2025-08-12T15:42:29","modified_gmt":"2025-08-12T15:42:29","slug":"menuiserie","status":"publish","type":"page","link":"https:\/\/eidbatiments.com\/?page_id=11236","title":{"rendered":"Menuiserie"},"content":{"rendered":"\t\t<div data-elementor-type=\"wp-post\" data-elementor-id=\"11236\" class=\"elementor elementor-11236\">\n\t\t\t\t\t\t<section class=\"elementor-section elementor-top-section elementor-element elementor-element-d85c648 elementor-section-boxed elementor-section-height-default elementor-section-height-default\" data-id=\"d85c648\" data-element_type=\"section\">\n\t\t\t\t\t\t<div class=\"elementor-container elementor-column-gap-default\">\n\t\t\t\t\t<div class=\"elementor-column elementor-col-100 elementor-top-column elementor-element elementor-element-c6b747b top column-style-top\" data-id=\"c6b747b\" data-element_type=\"column\">\n\t\t\t<div class=\"elementor-widget-wrap elementor-element-populated\">\n\t\t\t\t\t\t<div class=\"elementor-element elementor-element-3d5efca elementor-widget elementor-widget-text-editor\" data-id=\"3d5efca\" data-element_type=\"widget\" data-widget_type=\"text-editor.default\">\n\t\t\t\t<div class=\"elementor-widget-container\">\n\t\t\t\t\t\t\t\t\t<h2 data-start=\"195\" data-end=\"252\">\ud83e\udeb5 Menuiserie sur mesure \u00e0 Paris et en \u00cele-de-France<\/h2><h3 data-start=\"253\" data-end=\"317\"><strong data-start=\"257\" data-end=\"317\">EID B\u00e2timent : confort, esth\u00e9tique et finitions durables<\/strong><\/h3><p data-start=\"319\" data-end=\"625\">EID B\u00e2timent vous propose ses services de menuiserie int\u00e9rieure et ext\u00e9rieure pour tous vos projets de r\u00e9novation, d\u2019am\u00e9nagement ou de construction neuve. Notre \u00e9quipe de menuisiers qualifi\u00e9s intervient \u00e0 Paris et dans toute l\u2019\u00cele-de-France pour cr\u00e9er des espaces fonctionnels, chaleureux et \u00e0 votre image.<\/p><p data-start=\"627\" data-end=\"803\">Nous travaillons pour les particuliers, les commerces, les entreprises, les architectes et les syndics de copropri\u00e9t\u00e9 avec des solutions sur mesure et des mat\u00e9riaux de qualit\u00e9.<\/p><hr data-start=\"805\" data-end=\"808\" \/><h3 data-start=\"810\" data-end=\"852\">\ud83d\udee0\ufe0f Travaux de menuiserie int\u00e9rieure<\/h3><p data-start=\"853\" data-end=\"953\">Nous vous accompagnons dans la conception et la pose de tous vos \u00e9l\u00e9ments de menuiserie int\u00e9rieure :<\/p><ul data-start=\"955\" data-end=\"1360\"><li data-start=\"955\" data-end=\"1039\"><p data-start=\"957\" data-end=\"1039\">Cr\u00e9ation et pose de <strong data-start=\"977\" data-end=\"989\">placards<\/strong>, <strong data-start=\"991\" data-end=\"1004\">dressings<\/strong>, <strong data-start=\"1006\" data-end=\"1018\">\u00e9tag\u00e8res<\/strong>, <strong data-start=\"1020\" data-end=\"1037\">biblioth\u00e8ques<\/strong><\/p><\/li><li data-start=\"1040\" data-end=\"1114\"><p data-start=\"1042\" data-end=\"1114\">R\u00e9alisation de <strong data-start=\"1057\" data-end=\"1079\">meubles sur mesure<\/strong> (entr\u00e9e, cuisine, salle de bain)<\/p><\/li><li data-start=\"1115\" data-end=\"1189\"><p data-start=\"1117\" data-end=\"1189\">Pose de <strong data-start=\"1125\" data-end=\"1147\">portes int\u00e9rieures<\/strong> classiques, coulissantes ou \u00e0 galandage<\/p><\/li><li data-start=\"1190\" data-end=\"1250\"><p data-start=\"1192\" data-end=\"1250\">Pose de <strong data-start=\"1200\" data-end=\"1220\">parquets massifs<\/strong>, contrecoll\u00e9s ou stratifi\u00e9s<\/p><\/li><li data-start=\"1251\" data-end=\"1290\"><p data-start=\"1253\" data-end=\"1290\">Cr\u00e9ation d\u2019<strong data-start=\"1264\" data-end=\"1288\">escaliers sur mesure<\/strong><\/p><\/li><li data-start=\"1291\" data-end=\"1360\"><p data-start=\"1293\" data-end=\"1360\">R\u00e9alisation de <strong data-start=\"1308\" data-end=\"1325\">cloisons bois<\/strong>, <strong data-start=\"1327\" data-end=\"1350\">plafonds d\u00e9coratifs<\/strong>, moulures<\/p><\/li><\/ul><p data-start=\"1362\" data-end=\"1542\">\ud83c\udfaf <strong data-start=\"1365\" data-end=\"1378\">Objectifs<\/strong> :<br data-start=\"1380\" data-end=\"1383\" \/>\u2714 Optimisation des espaces<br data-start=\"1409\" data-end=\"1412\" \/>\u2714 Finitions esth\u00e9tiques et durables<br data-start=\"1447\" data-end=\"1450\" \/>\u2714 Mat\u00e9riaux adapt\u00e9s \u00e0 vos besoins (bois massif, MDF, stratifi\u00e9\u2026)<br data-start=\"1514\" data-end=\"1517\" \/>\u2714 Personnalisation totale<\/p><hr data-start=\"1544\" data-end=\"1547\" \/><h3 data-start=\"1549\" data-end=\"1590\">\ud83d\udeaa Travaux de menuiserie ext\u00e9rieure<\/h3><p data-start=\"1591\" data-end=\"1661\">Nous intervenons \u00e9galement pour s\u00e9curiser et embellir vos ext\u00e9rieurs :<\/p><ul data-start=\"1663\" data-end=\"2048\"><li data-start=\"1663\" data-end=\"1720\"><p data-start=\"1665\" data-end=\"1720\">Pose de <strong data-start=\"1673\" data-end=\"1692\">portes d\u2019entr\u00e9e<\/strong> en bois, aluminium ou PVC<\/p><\/li><li data-start=\"1721\" data-end=\"1785\"><p data-start=\"1723\" data-end=\"1785\">Installation de <strong data-start=\"1739\" data-end=\"1758\">volets battants<\/strong>, roulants ou coulissants<\/p><\/li><li data-start=\"1786\" data-end=\"1841\"><p data-start=\"1788\" data-end=\"1841\">Cr\u00e9ation de <strong data-start=\"1800\" data-end=\"1821\">terrasses en bois<\/strong> ou bois composite<\/p><\/li><li data-start=\"1842\" data-end=\"1926\"><p data-start=\"1844\" data-end=\"1926\">Fabrication et pose de <strong data-start=\"1867\" data-end=\"1879\">portails<\/strong>, <strong data-start=\"1881\" data-end=\"1893\">cl\u00f4tures<\/strong>, <strong data-start=\"1895\" data-end=\"1910\">garde-corps<\/strong>, <strong data-start=\"1912\" data-end=\"1924\">pergolas<\/strong><\/p><\/li><li data-start=\"1927\" data-end=\"1984\"><p data-start=\"1929\" data-end=\"1984\">Remplacement de <strong data-start=\"1945\" data-end=\"1962\">fen\u00eatres bois<\/strong>, alu, PVC ou mixtes<\/p><\/li><li data-start=\"1985\" data-end=\"2048\"><p data-start=\"1987\" data-end=\"2048\">Isolation et r\u00e9novation de menuiseries ext\u00e9rieures existantes<\/p><\/li><\/ul><p data-start=\"2050\" data-end=\"2229\">\ud83c\udfaf <strong data-start=\"2053\" data-end=\"2066\">B\u00e9n\u00e9fices<\/strong> :<br data-start=\"2068\" data-end=\"2071\" \/>\u2714 Isolation thermique et phonique renforc\u00e9e<br data-start=\"2114\" data-end=\"2117\" \/>\u2714 Valorisation esth\u00e9tique de votre bien<br data-start=\"2156\" data-end=\"2159\" \/>\u2714 S\u00e9curit\u00e9 accrue<br data-start=\"2176\" data-end=\"2179\" \/>\u2714 Mat\u00e9riaux durables et r\u00e9sistants aux intemp\u00e9ries<\/p><hr data-start=\"2231\" data-end=\"2234\" \/><h3 data-start=\"2236\" data-end=\"2290\">\ud83d\udee1\ufe0f Qualit\u00e9, pr\u00e9cision et savoir-faire artisanal<\/h3><p data-start=\"2291\" data-end=\"2333\">Avec <strong data-start=\"2296\" data-end=\"2312\">EID B\u00e2timent<\/strong>, vous b\u00e9n\u00e9ficiez :<\/p><ul data-start=\"2334\" data-end=\"2596\"><li data-start=\"2334\" data-end=\"2389\"><p data-start=\"2336\" data-end=\"2389\">D\u2019un accompagnement personnalis\u00e9 pour chaque projet<\/p><\/li><li data-start=\"2390\" data-end=\"2433\"><p data-start=\"2392\" data-end=\"2433\">D\u2019une fabrication et d\u2019une pose soign\u00e9e<\/p><\/li><li data-start=\"2434\" data-end=\"2476\"><p data-start=\"2436\" data-end=\"2476\">De mat\u00e9riaux s\u00e9lectionn\u00e9s avec rigueur<\/p><\/li><li data-start=\"2477\" data-end=\"2539\"><p data-start=\"2479\" data-end=\"2539\">D\u2019un <strong data-start=\"2484\" data-end=\"2537\">chantier propre et respectueux de votre int\u00e9rieur<\/strong><\/p><\/li><li data-start=\"2540\" data-end=\"2596\"><p data-start=\"2542\" data-end=\"2596\">D\u2019un <strong data-start=\"2547\" data-end=\"2596\">r\u00e9sultat \u00e0 la fois pratique, design et solide<\/strong><\/p><\/li><\/ul><hr data-start=\"2598\" data-end=\"2601\" \/><h3 data-start=\"2603\" data-end=\"2652\">\ud83d\ude80 R\u00e9activit\u00e9 et coordination multi-travaux<\/h3><p data-start=\"2653\" data-end=\"2797\">Notre \u00e9quipe peut \u00e9galement intervenir dans le cadre de <strong data-start=\"2709\" data-end=\"2740\">chantiers tous corps d\u2019\u00e9tat<\/strong>, avec coordination compl\u00e8te pour vos projets globaux :<\/p><ul data-start=\"2798\" data-end=\"2908\"><li data-start=\"2798\" data-end=\"2836\"><p data-start=\"2800\" data-end=\"2836\">R\u00e9novation d\u2019appartement ou maison<\/p><\/li><li data-start=\"2837\" data-end=\"2879\"><p data-start=\"2839\" data-end=\"2879\">R\u00e9am\u00e9nagement de locaux professionnels<\/p><\/li><li data-start=\"2880\" data-end=\"2908\"><p data-start=\"2882\" data-end=\"2908\">Modernisation de commerces<\/p><\/li><\/ul><hr data-start=\"2910\" data-end=\"2913\" \/><h3 data-start=\"2915\" data-end=\"2944\">\ud83d\udccd Zones d\u2019intervention<\/h3><p data-start=\"2945\" data-end=\"2981\">Nous intervenons rapidement dans :<\/p><ul data-start=\"2982\" data-end=\"3146\"><li data-start=\"2982\" data-end=\"2996\"><p data-start=\"2984\" data-end=\"2996\">Paris (75)<\/p><\/li><li data-start=\"2997\" data-end=\"3020\"><p data-start=\"2999\" data-end=\"3020\">Hauts-de-Seine (92)<\/p><\/li><li data-start=\"3021\" data-end=\"3047\"><p data-start=\"3023\" data-end=\"3047\">Seine-Saint-Denis (93)<\/p><\/li><li data-start=\"3048\" data-end=\"3069\"><p data-start=\"3050\" data-end=\"3069\">Val-de-Marne (94)<\/p><\/li><li data-start=\"3070\" data-end=\"3089\"><p data-start=\"3072\" data-end=\"3089\">Val-d\u2019Oise (95)<\/p><\/li><li data-start=\"3090\" data-end=\"3106\"><p data-start=\"3092\" data-end=\"3106\">Essonne (91)<\/p><\/li><li data-start=\"3107\" data-end=\"3124\"><p data-start=\"3109\" data-end=\"3124\">Yvelines (78)<\/p><\/li><li data-start=\"3125\" data-end=\"3146\"><p data-start=\"3127\" data-end=\"3146\">Seine-et-Marne (77)<\/p><\/li><\/ul><hr data-start=\"3248\" data-end=\"3251\" \/><h2 data-start=\"3253\" data-end=\"3263\">Contact<\/h2><p data-start=\"3265\" data-end=\"3317\"><strong data-start=\"2879\" data-end=\"2895\">EID B\u00e2timent<\/strong><br data-start=\"2895\" data-end=\"2898\" \/>12 Pl. Georges Pompidou, 93160 Noisy-le-Grand<br data-start=\"2931\" data-end=\"2934\" \/>\ud83d\udcf1 T\u00e9l\u00e9phone : 09 83 84 88 97<br data-start=\"2963\" data-end=\"2966\" \/>\ud83d\udce7 Email : <a class=\"cursor-pointer\" rel=\"noopener\" data-start=\"2977\" data-end=\"2999\">eidbatiments@gmail.com<\/a><\/p>\t\t\t\t\t\t\t\t<\/div>\n\t\t\t\t<\/div>\n\t\t\t\t\t<\/div>\n\t\t<\/div>\n\t\t\t\t\t<\/div>\n\t\t<\/section>\n\t\t\t\t<section class=\"elementor-section elementor-top-section elementor-element elementor-element-353a117 elementor-section-boxed elementor-section-height-default elementor-section-height-default\" data-id=\"353a117\" data-element_type=\"section\" data-settings=\"{&quot;background_background&quot;:&quot;classic&quot;}\">\n\t\t\t\t\t\t<div class=\"elementor-container elementor-column-gap-default\">\n\t\t\t\t\t<div class=\"elementor-column elementor-col-100 elementor-top-column elementor-element elementor-element-1d56248a top column-style-top\" data-id=\"1d56248a\" data-element_type=\"column\">\n\t\t\t<div class=\"elementor-widget-wrap elementor-element-populated\">\n\t\t\t\t\t\t<div class=\"elementor-element elementor-element-41c9c009 elementor-widget elementor-widget-gva-call-to-action\" data-id=\"41c9c009\" data-element_type=\"widget\" data-widget_type=\"gva-call-to-action.default\">\n\t\t\t\t<div class=\"elementor-widget-container\">\n\t\t\t\t\t<div class=\"gva-element-gva-call-to-action gva-element\">\r\n   <div class=\"button-right widget gsc-call-to-action\">\r\n      <div class=\"content-inner clearfix\" >\r\n         <div class=\"cta-content\">\r\n                           <h2 class=\"title\">\r\n                  <span>Un projet de r\u00e9novation ? Faites confiance \u00e0 un partenaire certifi\u00e9 et exp\u00e9riment\u00e9.<\/span>\r\n               <\/h2>\r\n                                             <\/div>\r\n                     <div class=\"button-action\">\r\n                       <a href=\"https:\/\/eidbatiments.com\/?page_id=610\" class=\"btn-cta btn-theme-2\">\r\n          <span>Contactez-nous<\/span>\r\n        <\/a>\r\n\r\n                    <\/div>\r\n               <\/div>\r\n   <\/div>\r\n<\/div>\t\t\t\t<\/div>\n\t\t\t\t<\/div>\n\t\t\t\t\t<\/div>\n\t\t<\/div>\n\t\t\t\t\t<\/div>\n\t\t<\/section>\n\t\t\t\t<\/div>\n\t\t","protected":false},"excerpt":{"rendered":"<p>\ud83e\udeb5 Menuiserie sur mesure \u00e0 Paris et en \u00cele-de-France EID B\u00e2timent : confort, esth\u00e9tique et finitions durables EID B\u00e2timent vous propose ses services de menuiserie int\u00e9rieure et ext\u00e9rieure pour tous [&hellip;]<\/p>\n","protected":false},"author":1,"featured_media":0,"parent":0,"menu_order":0,"comment_status":"closed","ping_status":"closed","template":"","meta":{"footnotes":""},"class_list":["post-11236","page","type-page","status-publish","hentry"],"_links":{"self":[{"href":"https:\/\/eidbatiments.com\/index.php?rest_route=\/wp\/v2\/pages\/11236","targetHints":{"allow":["GET"]}}],"collection":[{"href":"https:\/\/eidbatiments.com\/index.php?rest_route=\/wp\/v2\/pages"}],"about":[{"href":"https:\/\/eidbatiments.com\/index.php?rest_route=\/wp\/v2\/types\/page"}],"author":[{"embeddable":true,"href":"https:\/\/eidbatiments.com\/index.php?rest_route=\/wp\/v2\/users\/1"}],"replies":[{"embeddable":true,"href":"https:\/\/eidbatiments.com\/index.php?rest_route=%2Fwp%2Fv2%2Fcomments&post=11236"}],"version-history":[{"count":7,"href":"https:\/\/eidbatiments.com\/index.php?rest_route=\/wp\/v2\/pages\/11236\/revisions"}],"predecessor-version":[{"id":11305,"href":"https:\/\/eidbatiments.com\/index.php?rest_route=\/wp\/v2\/pages\/11236\/revisions\/11305"}],"wp:attachment":[{"href":"https:\/\/eidbatiments.com\/index.php?rest_route=%2Fwp%2Fv2%2Fmedia&parent=11236"}],"curies":[{"name":"wp","href":"https:\/\/api.w.org\/{rel}","templated":true}]}}