{"id":11215,"date":"2025-07-06T13:51:34","date_gmt":"2025-07-06T13:51:34","guid":{"rendered":"https:\/\/eidbatiments.com\/?page_id=11215"},"modified":"2025-08-12T15:41:08","modified_gmt":"2025-08-12T15:41:08","slug":"isolation-phonique-et-thermique","status":"publish","type":"page","link":"https:\/\/eidbatiments.com\/?page_id=11215","title":{"rendered":"Isolation phonique et thermique"},"content":{"rendered":"\t\t<div data-elementor-type=\"wp-post\" data-elementor-id=\"11215\" class=\"elementor elementor-11215\">\n\t\t\t\t\t\t<section class=\"elementor-section elementor-top-section elementor-element elementor-element-d85c648 elementor-section-boxed elementor-section-height-default elementor-section-height-default\" data-id=\"d85c648\" data-element_type=\"section\">\n\t\t\t\t\t\t<div class=\"elementor-container elementor-column-gap-default\">\n\t\t\t\t\t<div class=\"elementor-column elementor-col-100 elementor-top-column elementor-element elementor-element-c6b747b top column-style-top\" data-id=\"c6b747b\" data-element_type=\"column\">\n\t\t\t<div class=\"elementor-widget-wrap elementor-element-populated\">\n\t\t\t\t\t\t<div class=\"elementor-element elementor-element-3d5efca elementor-widget elementor-widget-text-editor\" data-id=\"3d5efca\" data-element_type=\"widget\" data-widget_type=\"text-editor.default\">\n\t\t\t\t<div class=\"elementor-widget-container\">\n\t\t\t\t\t\t\t\t\t<h2 data-start=\"184\" data-end=\"251\">\ud83d\udee0\ufe0f Isolation Phonique &amp; Thermique \u00e0 Paris et en \u00cele-de-France<\/h2><h3 data-start=\"252\" data-end=\"330\"><strong data-start=\"256\" data-end=\"330\">EID B\u00e2timent : confort, performance \u00e9nerg\u00e9tique et s\u00e9r\u00e9nit\u00e9 acoustique<\/strong><\/h3><p data-start=\"332\" data-end=\"666\">EID B\u00e2timent vous accompagne dans tous vos travaux d\u2019isolation thermique et phonique \u00e0 Paris et en \u00cele-de-France. Que ce soit pour une maison individuelle, un appartement, un local professionnel ou une copropri\u00e9t\u00e9, notre \u00e9quipe qualifi\u00e9e propose des solutions efficaces, durables et conformes aux normes en vigueur (RT 2012, RE 2020).<\/p><hr data-start=\"668\" data-end=\"671\" \/><h3 data-start=\"673\" data-end=\"711\">\ud83d\udd27 Travaux d\u2019isolation thermique<\/h3><p data-start=\"712\" data-end=\"859\">Nous am\u00e9liorons le confort de votre habitat et r\u00e9duisons vos d\u00e9penses \u00e9nerg\u00e9tiques gr\u00e2ce \u00e0 des mat\u00e9riaux performants et des techniques ma\u00eetris\u00e9es :<\/p><ul data-start=\"861\" data-end=\"1154\"><li data-start=\"861\" data-end=\"905\"><p data-start=\"863\" data-end=\"905\">Isolation des combles perdus ou am\u00e9nag\u00e9s<\/p><\/li><li data-start=\"906\" data-end=\"964\"><p data-start=\"908\" data-end=\"964\">Isolation des murs int\u00e9rieurs ou par l\u2019ext\u00e9rieur (ITE)<\/p><\/li><li data-start=\"965\" data-end=\"996\"><p data-start=\"967\" data-end=\"996\">Isolation des planchers bas<\/p><\/li><li data-start=\"997\" data-end=\"1079\"><p data-start=\"999\" data-end=\"1079\">Pose de panneaux isolants (laine de verre, laine de roche, polyur\u00e9thane, etc.)<\/p><\/li><li data-start=\"1080\" data-end=\"1115\"><p data-start=\"1082\" data-end=\"1115\">Traitement des ponts thermiques<\/p><\/li><li data-start=\"1116\" data-end=\"1154\"><p data-start=\"1118\" data-end=\"1154\">Optimisation de l\u2019\u00e9tanch\u00e9it\u00e9 \u00e0 l\u2019air<\/p><\/li><\/ul><p data-start=\"1156\" data-end=\"1316\">\ud83c\udfaf <strong data-start=\"1159\" data-end=\"1172\">Objectifs<\/strong> :<br data-start=\"1174\" data-end=\"1177\" \/>\u2714 R\u00e9duction des pertes de chaleur<br data-start=\"1210\" data-end=\"1213\" \/>\u2714 Am\u00e9lioration du DPE<br data-start=\"1234\" data-end=\"1237\" \/>\u2714 Conformit\u00e9 aux r\u00e9glementations thermiques<br data-start=\"1280\" data-end=\"1283\" \/>\u2714 Valorisation du bien immobilier<\/p><hr data-start=\"1318\" data-end=\"1321\" \/><h3 data-start=\"1323\" data-end=\"1360\">\ud83d\udd07 Travaux d\u2019isolation phonique<\/h3><p data-start=\"1361\" data-end=\"1492\">Pour un environnement plus paisible et une meilleure qualit\u00e9 de vie, nous proposons des solutions d\u2019isolation acoustique adapt\u00e9es :<\/p><ul data-start=\"1494\" data-end=\"1788\"><li data-start=\"1494\" data-end=\"1531\"><p data-start=\"1496\" data-end=\"1531\">Cloisons et doublages acoustiques<\/p><\/li><li data-start=\"1532\" data-end=\"1565\"><p data-start=\"1534\" data-end=\"1565\">Plafonds suspendus anti-bruit<\/p><\/li><li data-start=\"1566\" data-end=\"1611\"><p data-start=\"1568\" data-end=\"1611\">Traitement des bruits d\u2019impact et a\u00e9riens<\/p><\/li><li data-start=\"1612\" data-end=\"1654\"><p data-start=\"1614\" data-end=\"1654\">Isolation des planchers interm\u00e9diaires<\/p><\/li><li data-start=\"1655\" data-end=\"1702\"><p data-start=\"1657\" data-end=\"1702\">Isolation des gaines techniques et conduits<\/p><\/li><li data-start=\"1703\" data-end=\"1788\"><p data-start=\"1705\" data-end=\"1788\">Solutions anti-bruit pour pi\u00e8ces sp\u00e9cifiques (studios, salles de r\u00e9union, chambres)<\/p><\/li><\/ul><p data-start=\"1790\" data-end=\"1929\">\ud83c\udfaf <strong data-start=\"1793\" data-end=\"1806\">B\u00e9n\u00e9fices<\/strong> :<br data-start=\"1808\" data-end=\"1811\" \/>\u2714 R\u00e9duction des nuisances sonores<br data-start=\"1844\" data-end=\"1847\" \/>\u2714 Am\u00e9lioration du confort de vie<br data-start=\"1879\" data-end=\"1882\" \/>\u2714 Respect de la r\u00e9glementation acoustique (NRA)<\/p><hr data-start=\"1931\" data-end=\"1934\" \/><h3 data-start=\"1936\" data-end=\"1989\">\ud83d\udee1\ufe0f S\u00e9curit\u00e9, efficacit\u00e9 et mat\u00e9riaux certifi\u00e9s<\/h3><p data-start=\"1990\" data-end=\"2043\">Faire appel \u00e0 <strong data-start=\"2004\" data-end=\"2020\">EID B\u00e2timent<\/strong>, c\u2019est l\u2019assurance :<\/p><ul data-start=\"2044\" data-end=\"2275\"><li data-start=\"2044\" data-end=\"2102\"><p data-start=\"2046\" data-end=\"2102\">D\u2019un <strong data-start=\"2051\" data-end=\"2072\">chantier ma\u00eetris\u00e9<\/strong>, dans le respect des normes<\/p><\/li><li data-start=\"2103\" data-end=\"2181\"><p data-start=\"2105\" data-end=\"2181\">D\u2019une <strong data-start=\"2111\" data-end=\"2135\">pose professionnelle<\/strong> avec des mat\u00e9riaux certifi\u00e9s (ACERMI, CSTB)<\/p><\/li><li data-start=\"2182\" data-end=\"2215\"><p data-start=\"2184\" data-end=\"2215\">D\u2019une <strong data-start=\"2190\" data-end=\"2213\">performance durable<\/strong><\/p><\/li><li data-start=\"2216\" data-end=\"2275\"><p data-start=\"2218\" data-end=\"2275\">D\u2019un <strong data-start=\"2223\" data-end=\"2275\">gain de confort thermique et acoustique imm\u00e9diat<\/strong><\/p><\/li><\/ul><hr data-start=\"2277\" data-end=\"2280\" \/><h3 data-start=\"2282\" data-end=\"2338\">\u26a1 Intervention rapide et accompagnement sur mesure<\/h3><p data-start=\"2339\" data-end=\"2387\">Nos \u00e9quipes vous accompagnent \u00e0 chaque \u00e9tape :<\/p><ul data-start=\"2388\" data-end=\"2599\"><li data-start=\"2388\" data-end=\"2426\"><p data-start=\"2390\" data-end=\"2426\">Diagnostic et conseil personnalis\u00e9<\/p><\/li><li data-start=\"2427\" data-end=\"2477\"><p data-start=\"2429\" data-end=\"2477\">\u00c9tude technique et choix des mat\u00e9riaux adapt\u00e9s<\/p><\/li><li data-start=\"2478\" data-end=\"2511\"><p data-start=\"2480\" data-end=\"2511\">Pose dans les r\u00e8gles de l\u2019art<\/p><\/li><li data-start=\"2512\" data-end=\"2548\"><p data-start=\"2514\" data-end=\"2548\">Devis clair et d\u00e9taill\u00e9, gratuit<\/p><\/li><li data-start=\"2549\" data-end=\"2599\"><p data-start=\"2551\" data-end=\"2599\">Coordination possible avec d&rsquo;autres corps d\u2019\u00e9tat<\/p><\/li><\/ul><hr data-start=\"2601\" data-end=\"2604\" \/><h3 data-start=\"2606\" data-end=\"2635\">\ud83d\udccd Zones d\u2019intervention<\/h3><p data-start=\"2636\" data-end=\"2690\">Nous intervenons sur l\u2019ensemble de l\u2019\u00cele-de-France :<\/p><ul data-start=\"2691\" data-end=\"2855\"><li data-start=\"2691\" data-end=\"2705\"><p data-start=\"2693\" data-end=\"2705\">Paris (75)<\/p><\/li><li data-start=\"2706\" data-end=\"2729\"><p data-start=\"2708\" data-end=\"2729\">Hauts-de-Seine (92)<\/p><\/li><li data-start=\"2730\" data-end=\"2756\"><p data-start=\"2732\" data-end=\"2756\">Seine-Saint-Denis (93)<\/p><\/li><li data-start=\"2757\" data-end=\"2778\"><p data-start=\"2759\" data-end=\"2778\">Val-de-Marne (94)<\/p><\/li><li data-start=\"2779\" data-end=\"2798\"><p data-start=\"2781\" data-end=\"2798\">Val-d\u2019Oise (95)<\/p><\/li><li data-start=\"2799\" data-end=\"2815\"><p data-start=\"2801\" data-end=\"2815\">Essonne (91)<\/p><\/li><li data-start=\"2816\" data-end=\"2833\"><p data-start=\"2818\" data-end=\"2833\">Yvelines (78)<\/p><\/li><li data-start=\"2834\" data-end=\"2855\"><p data-start=\"2836\" data-end=\"2855\">Seine-et-Marne (77)<\/p><\/li><\/ul><hr data-start=\"2857\" data-end=\"2860\" \/><h3 data-start=\"2862\" data-end=\"2878\">\ud83d\udcde Contact<\/h3><p data-start=\"2879\" data-end=\"2999\"><strong data-start=\"2879\" data-end=\"2895\">EID B\u00e2timent<\/strong><br data-start=\"2895\" data-end=\"2898\" \/>12 Pl. Georges Pompidou, 93160 Noisy-le-Grand<br data-start=\"2931\" data-end=\"2934\" \/>\ud83d\udcf1 T\u00e9l\u00e9phone : 09 83 84 88 97<br data-start=\"2963\" data-end=\"2966\" \/>\ud83d\udce7 Email : <a class=\"cursor-pointer\" rel=\"noopener\" data-start=\"2977\" data-end=\"2999\">eidbatiments@gmail.com<\/a><\/p>\t\t\t\t\t\t\t\t<\/div>\n\t\t\t\t<\/div>\n\t\t\t\t\t<\/div>\n\t\t<\/div>\n\t\t\t\t\t<\/div>\n\t\t<\/section>\n\t\t\t\t<section class=\"elementor-section elementor-top-section elementor-element elementor-element-353a117 elementor-section-boxed elementor-section-height-default elementor-section-height-default\" data-id=\"353a117\" data-element_type=\"section\" data-settings=\"{&quot;background_background&quot;:&quot;classic&quot;}\">\n\t\t\t\t\t\t<div class=\"elementor-container elementor-column-gap-default\">\n\t\t\t\t\t<div class=\"elementor-column elementor-col-100 elementor-top-column elementor-element elementor-element-1d56248a top column-style-top\" data-id=\"1d56248a\" data-element_type=\"column\">\n\t\t\t<div class=\"elementor-widget-wrap elementor-element-populated\">\n\t\t\t\t\t\t<div class=\"elementor-element elementor-element-41c9c009 elementor-widget elementor-widget-gva-call-to-action\" data-id=\"41c9c009\" data-element_type=\"widget\" data-widget_type=\"gva-call-to-action.default\">\n\t\t\t\t<div class=\"elementor-widget-container\">\n\t\t\t\t\t<div class=\"gva-element-gva-call-to-action gva-element\">\r\n   <div class=\"button-right widget gsc-call-to-action\">\r\n      <div class=\"content-inner clearfix\" >\r\n         <div class=\"cta-content\">\r\n                           <h2 class=\"title\">\r\n                  <span>Un projet de r\u00e9novation ? Faites confiance \u00e0 un partenaire certifi\u00e9 et exp\u00e9riment\u00e9.<\/span>\r\n               <\/h2>\r\n                                             <\/div>\r\n                     <div class=\"button-action\">\r\n                       <a href=\"https:\/\/eidbatiments.com\/?page_id=610\" class=\"btn-cta btn-theme-2\">\r\n          <span>Contactez-nous<\/span>\r\n        <\/a>\r\n\r\n                    <\/div>\r\n               <\/div>\r\n   <\/div>\r\n<\/div>\t\t\t\t<\/div>\n\t\t\t\t<\/div>\n\t\t\t\t\t<\/div>\n\t\t<\/div>\n\t\t\t\t\t<\/div>\n\t\t<\/section>\n\t\t\t\t<\/div>\n\t\t","protected":false},"excerpt":{"rendered":"<p>\ud83d\udee0\ufe0f Isolation Phonique &amp; Thermique \u00e0 Paris et en \u00cele-de-France EID B\u00e2timent : confort, performance \u00e9nerg\u00e9tique et s\u00e9r\u00e9nit\u00e9 acoustique EID B\u00e2timent vous accompagne dans tous vos travaux d\u2019isolation thermique et [&hellip;]<\/p>\n","protected":false},"author":1,"featured_media":0,"parent":0,"menu_order":0,"comment_status":"closed","ping_status":"closed","template":"","meta":{"footnotes":""},"class_list":["post-11215","page","type-page","status-publish","hentry"],"_links":{"self":[{"href":"https:\/\/eidbatiments.com\/index.php?rest_route=\/wp\/v2\/pages\/11215","targetHints":{"allow":["GET"]}}],"collection":[{"href":"https:\/\/eidbatiments.com\/index.php?rest_route=\/wp\/v2\/pages"}],"about":[{"href":"https:\/\/eidbatiments.com\/index.php?rest_route=\/wp\/v2\/types\/page"}],"author":[{"embeddable":true,"href":"https:\/\/eidbatiments.com\/index.php?rest_route=\/wp\/v2\/users\/1"}],"replies":[{"embeddable":true,"href":"https:\/\/eidbatiments.com\/index.php?rest_route=%2Fwp%2Fv2%2Fcomments&post=11215"}],"version-history":[{"count":10,"href":"https:\/\/eidbatiments.com\/index.php?rest_route=\/wp\/v2\/pages\/11215\/revisions"}],"predecessor-version":[{"id":11296,"href":"https:\/\/eidbatiments.com\/index.php?rest_route=\/wp\/v2\/pages\/11215\/revisions\/11296"}],"wp:attachment":[{"href":"https:\/\/eidbatiments.com\/index.php?rest_route=%2Fwp%2Fv2%2Fmedia&parent=11215"}],"curies":[{"name":"wp","href":"https:\/\/api.w.org\/{rel}","templated":true}]}}