{"id":11068,"date":"2025-05-29T15:31:09","date_gmt":"2025-05-29T15:31:09","guid":{"rendered":"https:\/\/eidbatiments.com\/?page_id=11068"},"modified":"2025-08-12T15:48:09","modified_gmt":"2025-08-12T15:48:09","slug":"maconnerie-isolation","status":"publish","type":"page","link":"https:\/\/eidbatiments.com\/?page_id=11068","title":{"rendered":"Ma\u00e7onnerie &#038; Isolation"},"content":{"rendered":"\t\t<div data-elementor-type=\"wp-post\" data-elementor-id=\"11068\" class=\"elementor elementor-11068\">\n\t\t\t\t\t\t<section class=\"elementor-section elementor-top-section elementor-element elementor-element-d85c648 elementor-section-boxed elementor-section-height-default elementor-section-height-default\" data-id=\"d85c648\" data-element_type=\"section\">\n\t\t\t\t\t\t<div class=\"elementor-container elementor-column-gap-default\">\n\t\t\t\t\t<div class=\"elementor-column elementor-col-100 elementor-top-column elementor-element elementor-element-c6b747b top column-style-top\" data-id=\"c6b747b\" data-element_type=\"column\">\n\t\t\t<div class=\"elementor-widget-wrap elementor-element-populated\">\n\t\t\t\t\t\t<div class=\"elementor-element elementor-element-3d5efca elementor-widget elementor-widget-text-editor\" data-id=\"3d5efca\" data-element_type=\"widget\" data-widget_type=\"text-editor.default\">\n\t\t\t\t<div class=\"elementor-widget-container\">\n\t\t\t\t\t\t\t\t\t<p data-start=\"134\" data-end=\"221\"><strong data-start=\"134\" data-end=\"219\">Travaux de ma\u00e7onnerie et am\u00e9nagement \u2013 Des prestations compl\u00e8tes pour vos projets<\/strong><\/p><p data-start=\"223\" data-end=\"387\">Notre \u00e9quipe r\u00e9alise tous vos travaux de ma\u00e7onnerie avec soin et professionnalisme, que ce soit en construction, r\u00e9novation ou am\u00e9nagement int\u00e9rieur et ext\u00e9rieur.<\/p><ul data-start=\"389\" data-end=\"1926\"><li data-start=\"389\" data-end=\"677\"><p data-start=\"391\" data-end=\"677\"><strong data-start=\"391\" data-end=\"420\">Pose, calage et marbrerie<\/strong><br data-start=\"420\" data-end=\"423\" \/>Installation et ajustement pr\u00e9cis de marbres, pierres naturelles ou \u00e9l\u00e9ments d\u00e9coratifs. Nous assurons un calage millim\u00e9tr\u00e9 pour garantir un rendu esth\u00e9tique et durable, qu\u2019il s\u2019agisse de plans de travail, d\u2019escaliers, de seuils ou de sols en pierre.<\/p><\/li><li data-start=\"679\" data-end=\"960\"><p data-start=\"681\" data-end=\"960\"><strong data-start=\"681\" data-end=\"695\">\u00c9tanch\u00e9it\u00e9<\/strong><br data-start=\"695\" data-end=\"698\" \/>Mise en \u0153uvre de solutions efficaces pour prot\u00e9ger vos b\u00e2timents contre les infiltrations d\u2019eau et l\u2019humidit\u00e9. Application de membranes, r\u00e9sines et rev\u00eatements adapt\u00e9s aux toitures, terrasses, fa\u00e7ades ou zones sensibles afin d\u2019assurer une protection p\u00e9renne.<\/p><\/li><li data-start=\"962\" data-end=\"1322\"><p data-start=\"964\" data-end=\"1322\"><strong data-start=\"964\" data-end=\"1015\">Isolation thermique et phonique par l\u2019ext\u00e9rieur<\/strong><br data-start=\"1015\" data-end=\"1018\" \/>Pose de diff\u00e9rents rev\u00eatements isolants sur fa\u00e7ades ext\u00e9rieures pour am\u00e9liorer le confort thermique et acoustique de votre logement. Nous travaillons avec des mat\u00e9riaux performants permettant de r\u00e9duire les pertes de chaleur, limiter les nuisances sonores et optimiser votre consommation \u00e9nerg\u00e9tique.<\/p><\/li><li data-start=\"1324\" data-end=\"1618\"><p data-start=\"1326\" data-end=\"1618\"><strong data-start=\"1326\" data-end=\"1370\">Cloisons l\u00e9g\u00e8res et isolation int\u00e9rieure<\/strong><br data-start=\"1370\" data-end=\"1373\" \/>Cr\u00e9ation ou modification de cloisons pour d\u00e9limiter vos espaces int\u00e9rieurs, tout en int\u00e9grant des solutions d\u2019isolation acoustique et thermique adapt\u00e9es. Pose de plaques de pl\u00e2tre, rails m\u00e9talliques, isolants en laine min\u00e9rale ou biosourc\u00e9e.<\/p><\/li><li data-start=\"1620\" data-end=\"1926\"><p data-start=\"1622\" data-end=\"1926\"><strong data-start=\"1622\" data-end=\"1649\">Am\u00e9nagement des combles<\/strong><br data-start=\"1649\" data-end=\"1652\" \/>Transformation et optimisation de vos espaces sous toiture pour cr\u00e9er de nouvelles pi\u00e8ces habitables : chambres, bureaux, espaces de loisirs\u2026 Nous assurons l\u2019isolation, la pose de cloisons, le rev\u00eatement des sols et murs, ainsi que les finitions pour un confort optimal.<\/p><\/li><\/ul><p data-start=\"1928\" data-end=\"2101\">Gr\u00e2ce \u00e0 notre savoir-faire et \u00e0 notre souci du d\u00e9tail, nous vous garantissons des travaux r\u00e9alis\u00e9s dans les r\u00e8gles de l\u2019art, dans le respect des d\u00e9lais et de votre budget.<\/p>\t\t\t\t\t\t\t\t<\/div>\n\t\t\t\t<\/div>\n\t\t\t\t\t<\/div>\n\t\t<\/div>\n\t\t\t\t\t<\/div>\n\t\t<\/section>\n\t\t\t\t<section class=\"elementor-section elementor-top-section elementor-element elementor-element-353a117 elementor-section-boxed elementor-section-height-default elementor-section-height-default\" data-id=\"353a117\" data-element_type=\"section\" data-settings=\"{&quot;background_background&quot;:&quot;classic&quot;}\">\n\t\t\t\t\t\t<div class=\"elementor-container elementor-column-gap-default\">\n\t\t\t\t\t<div class=\"elementor-column elementor-col-100 elementor-top-column elementor-element elementor-element-1d56248a top column-style-top\" data-id=\"1d56248a\" data-element_type=\"column\">\n\t\t\t<div class=\"elementor-widget-wrap elementor-element-populated\">\n\t\t\t\t\t\t<div class=\"elementor-element elementor-element-41c9c009 elementor-widget elementor-widget-gva-call-to-action\" data-id=\"41c9c009\" data-element_type=\"widget\" data-widget_type=\"gva-call-to-action.default\">\n\t\t\t\t<div class=\"elementor-widget-container\">\n\t\t\t\t\t<div class=\"gva-element-gva-call-to-action gva-element\">\r\n   <div class=\"button-right widget gsc-call-to-action\">\r\n      <div class=\"content-inner clearfix\" >\r\n         <div class=\"cta-content\">\r\n                           <h2 class=\"title\">\r\n                  <span>Un projet de r\u00e9novation ? Faites confiance \u00e0 un partenaire certifi\u00e9 et exp\u00e9riment\u00e9.<\/span>\r\n               <\/h2>\r\n                                             <\/div>\r\n                     <div class=\"button-action\">\r\n                       <a href=\"https:\/\/eidbatiments.com\/?page_id=610\" class=\"btn-cta btn-theme-2\">\r\n          <span>Contactez-nous<\/span>\r\n        <\/a>\r\n\r\n                    <\/div>\r\n               <\/div>\r\n   <\/div>\r\n<\/div>\t\t\t\t<\/div>\n\t\t\t\t<\/div>\n\t\t\t\t\t<\/div>\n\t\t<\/div>\n\t\t\t\t\t<\/div>\n\t\t<\/section>\n\t\t\t\t<\/div>\n\t\t","protected":false},"excerpt":{"rendered":"<p>Travaux de ma\u00e7onnerie et am\u00e9nagement \u2013 Des prestations compl\u00e8tes pour vos projets Notre \u00e9quipe r\u00e9alise tous vos travaux de ma\u00e7onnerie avec soin et professionnalisme, que ce soit en construction, r\u00e9novation [&hellip;]<\/p>\n","protected":false},"author":1,"featured_media":0,"parent":0,"menu_order":0,"comment_status":"closed","ping_status":"closed","template":"","meta":{"footnotes":""},"class_list":["post-11068","page","type-page","status-publish","hentry"],"_links":{"self":[{"href":"https:\/\/eidbatiments.com\/index.php?rest_route=\/wp\/v2\/pages\/11068","targetHints":{"allow":["GET"]}}],"collection":[{"href":"https:\/\/eidbatiments.com\/index.php?rest_route=\/wp\/v2\/pages"}],"about":[{"href":"https:\/\/eidbatiments.com\/index.php?rest_route=\/wp\/v2\/types\/page"}],"author":[{"embeddable":true,"href":"https:\/\/eidbatiments.com\/index.php?rest_route=\/wp\/v2\/users\/1"}],"replies":[{"embeddable":true,"href":"https:\/\/eidbatiments.com\/index.php?rest_route=%2Fwp%2Fv2%2Fcomments&post=11068"}],"version-history":[{"count":16,"href":"https:\/\/eidbatiments.com\/index.php?rest_route=\/wp\/v2\/pages\/11068\/revisions"}],"predecessor-version":[{"id":11318,"href":"https:\/\/eidbatiments.com\/index.php?rest_route=\/wp\/v2\/pages\/11068\/revisions\/11318"}],"wp:attachment":[{"href":"https:\/\/eidbatiments.com\/index.php?rest_route=%2Fwp%2Fv2%2Fmedia&parent=11068"}],"curies":[{"name":"wp","href":"https:\/\/api.w.org\/{rel}","templated":true}]}}