{"id":10873,"date":"2025-05-27T13:25:43","date_gmt":"2025-05-27T13:25:43","guid":{"rendered":"https:\/\/eidbatiments.com\/?page_id=10873"},"modified":"2025-08-12T15:40:03","modified_gmt":"2025-08-12T15:40:03","slug":"etancheite","status":"publish","type":"page","link":"https:\/\/eidbatiments.com\/?page_id=10873","title":{"rendered":"\u00c9tanch\u00e9it\u00e9"},"content":{"rendered":"\t\t<div data-elementor-type=\"wp-post\" data-elementor-id=\"10873\" class=\"elementor elementor-10873\">\n\t\t\t\t\t\t<section class=\"elementor-section elementor-top-section elementor-element elementor-element-d85c648 elementor-section-boxed elementor-section-height-default elementor-section-height-default\" data-id=\"d85c648\" data-element_type=\"section\">\n\t\t\t\t\t\t<div class=\"elementor-container elementor-column-gap-default\">\n\t\t\t\t\t<div class=\"elementor-column elementor-col-100 elementor-top-column elementor-element elementor-element-c6b747b top column-style-top\" data-id=\"c6b747b\" data-element_type=\"column\">\n\t\t\t<div class=\"elementor-widget-wrap elementor-element-populated\">\n\t\t\t\t\t\t<div class=\"elementor-element elementor-element-3d5efca elementor-widget elementor-widget-text-editor\" data-id=\"3d5efca\" data-element_type=\"widget\" data-widget_type=\"text-editor.default\">\n\t\t\t\t<div class=\"elementor-widget-container\">\n\t\t\t\t\t\t\t\t\t<h2 data-start=\"191\" data-end=\"247\">\ud83d\udca7 Travaux d\u2019\u00c9tanch\u00e9it\u00e9 \u00e0 Paris et en \u00cele-de-France<\/h2><h3 data-start=\"248\" data-end=\"330\"><strong data-start=\"252\" data-end=\"330\">EID B\u00e2timent : prot\u00e9gez durablement vos b\u00e2timents contre les infiltrations<\/strong><\/h3><p data-start=\"332\" data-end=\"662\">Sp\u00e9cialiste des travaux d\u2019\u00e9tanch\u00e9it\u00e9, <strong data-start=\"370\" data-end=\"386\">EID B\u00e2timent<\/strong> vous accompagne dans la protection de vos toitures, terrasses, balcons, murs enterr\u00e9s et fondations contre l\u2019humidit\u00e9, les infiltrations et les remont\u00e9es capillaires. Bas\u00e9s \u00e0 Paris 20e, nous intervenons dans toute l\u2019\u00cele-de-France pour des projets en neuf comme en r\u00e9novation.<\/p><p data-start=\"664\" data-end=\"837\">Nous proposons des solutions d\u2019\u00e9tanch\u00e9it\u00e9 durables, efficaces et conformes aux normes en vigueur pour les particuliers, entreprises, syndics de copropri\u00e9t\u00e9 et collectivit\u00e9s.<\/p><hr data-start=\"839\" data-end=\"842\" \/><h3 data-start=\"844\" data-end=\"889\">\ud83c\udfe0 \u00c9tanch\u00e9it\u00e9 des toitures et terrasses<\/h3><p data-start=\"890\" data-end=\"1015\">Nous assurons une protection maximale de vos toitures-terrasses et toits plats contre les infiltrations d\u2019eau et l\u2019humidit\u00e9 :<\/p><ul data-start=\"1017\" data-end=\"1335\"><li data-start=\"1017\" data-end=\"1076\"><p data-start=\"1019\" data-end=\"1076\">\u00c9tanch\u00e9it\u00e9 bitumineuse (membranes bicouche, monocouche)<\/p><\/li><li data-start=\"1077\" data-end=\"1115\"><p data-start=\"1079\" data-end=\"1115\">\u00c9tanch\u00e9it\u00e9 en membrane PVC ou EPDM<\/p><\/li><li data-start=\"1116\" data-end=\"1165\"><p data-start=\"1118\" data-end=\"1165\">\u00c9tanch\u00e9it\u00e9 liquide (r\u00e9sine polyur\u00e9thane, SEL)<\/p><\/li><li data-start=\"1166\" data-end=\"1229\"><p data-start=\"1168\" data-end=\"1229\">R\u00e9alisation de toitures-terrasses accessibles ou techniques<\/p><\/li><li data-start=\"1230\" data-end=\"1278\"><p data-start=\"1232\" data-end=\"1278\">Reprise de relev\u00e9s, acrot\u00e8res et \u00e9vacuations<\/p><\/li><li data-start=\"1279\" data-end=\"1335\"><p data-start=\"1281\" data-end=\"1335\">Pose de protection lourde (graviers, dalles sur plots)<\/p><\/li><\/ul><p data-start=\"1337\" data-end=\"1551\">\ud83c\udfaf <strong data-start=\"1340\" data-end=\"1353\">Objectifs<\/strong> :<br data-start=\"1355\" data-end=\"1358\" \/>\u2714 Emp\u00eacher toute infiltration d\u2019eau<br data-start=\"1393\" data-end=\"1396\" \/>\u2714 Assurer la durabilit\u00e9 du b\u00e2ti<br data-start=\"1427\" data-end=\"1430\" \/>\u2714 Pr\u00e9parer les supports \u00e0 une \u00e9ventuelle isolation thermique<br data-start=\"1490\" data-end=\"1493\" \/>\u2714 R\u00e9duire les risques de fissures et d&rsquo;humidit\u00e9 int\u00e9rieure<\/p><hr data-start=\"1553\" data-end=\"1556\" \/><h3 data-start=\"1558\" data-end=\"1624\">\ud83c\udf27\ufe0f \u00c9tanch\u00e9it\u00e9 des balcons, loggias et terrasses ext\u00e9rieures<\/h3><p data-start=\"1625\" data-end=\"1692\">Nous prot\u00e9geons vos surfaces ext\u00e9rieures expos\u00e9es aux intemp\u00e9ries :<\/p><ul data-start=\"1694\" data-end=\"1944\"><li data-start=\"1694\" data-end=\"1723\"><p data-start=\"1696\" data-end=\"1723\">\u00c9tanch\u00e9it\u00e9 sous carrelage<\/p><\/li><li data-start=\"1724\" data-end=\"1778\"><p data-start=\"1726\" data-end=\"1778\">Application de syst\u00e8mes d\u2019\u00e9tanch\u00e9it\u00e9 liquide (SEL)<\/p><\/li><li data-start=\"1779\" data-end=\"1831\"><p data-start=\"1781\" data-end=\"1831\">Pose de bandes \u00e9tanches et traitement des joints<\/p><\/li><li data-start=\"1832\" data-end=\"1880\"><p data-start=\"1834\" data-end=\"1880\">R\u00e9paration des fissures et pentes inadapt\u00e9es<\/p><\/li><li data-start=\"1881\" data-end=\"1944\"><p data-start=\"1883\" data-end=\"1944\">\u00c9tanch\u00e9it\u00e9 avant pose de carrelage, bois ou rev\u00eatement souple<\/p><\/li><\/ul><p data-start=\"1946\" data-end=\"2130\">\ud83c\udfaf <strong data-start=\"1949\" data-end=\"1962\">B\u00e9n\u00e9fices<\/strong> :<br data-start=\"1964\" data-end=\"1967\" \/>\u2714 Prolongation de la dur\u00e9e de vie des ouvrages<br data-start=\"2013\" data-end=\"2016\" \/>\u2714 Suppression des infiltrations en sous-face<br data-start=\"2060\" data-end=\"2063\" \/>\u2714 \u00c9vitage des moisissures, d\u00e9collements et d\u00e9gradations esth\u00e9tiques<\/p><hr data-start=\"2132\" data-end=\"2135\" \/><h3 data-start=\"2137\" data-end=\"2194\">\ud83e\uddf1 \u00c9tanch\u00e9it\u00e9 des murs enterr\u00e9s, caves et sous-sols<\/h3><p data-start=\"2195\" data-end=\"2256\">Nous traitons l\u2019humidit\u00e9 en sous-sol et en pied de b\u00e2timent :<\/p><ul data-start=\"2258\" data-end=\"2492\"><li data-start=\"2258\" data-end=\"2323\"><p data-start=\"2260\" data-end=\"2323\">\u00c9tanch\u00e9it\u00e9 bitumineuse ou r\u00e9sine sur murs ext\u00e9rieurs enterr\u00e9s<\/p><\/li><li data-start=\"2324\" data-end=\"2389\"><p data-start=\"2326\" data-end=\"2389\">Drainage p\u00e9riph\u00e9rique et traitement des eaux de ruissellement<\/p><\/li><li data-start=\"2390\" data-end=\"2446\"><p data-start=\"2392\" data-end=\"2446\">Injection de r\u00e9sine contre les remont\u00e9es capillaires<\/p><\/li><li data-start=\"2447\" data-end=\"2492\"><p data-start=\"2449\" data-end=\"2492\">R\u00e9alisation de cuvelages pour caves humides<\/p><\/li><\/ul><p data-start=\"2494\" data-end=\"2614\">\ud83c\udfaf <strong data-start=\"2497\" data-end=\"2509\">R\u00e9sultat<\/strong> :<br data-start=\"2511\" data-end=\"2514\" \/>\u2714 Parois saines et durables<br data-start=\"2541\" data-end=\"2544\" \/>\u2714 \u00c9limination des odeurs d\u2019humidit\u00e9<br data-start=\"2579\" data-end=\"2582\" \/>\u2714 Meilleure conservation du b\u00e2ti<\/p><hr data-start=\"2616\" data-end=\"2619\" \/><h3 data-start=\"2621\" data-end=\"2675\">\ud83d\udee0\ufe0f Interventions rapides &amp; chantiers coordonn\u00e9s<\/h3><p data-start=\"2676\" data-end=\"2720\">Nos \u00e9quipes interviennent \u00e9galement pour :<\/p><ul data-start=\"2721\" data-end=\"2889\"><li data-start=\"2721\" data-end=\"2764\"><p data-start=\"2723\" data-end=\"2764\">R\u00e9parations d\u2019\u00e9tanch\u00e9it\u00e9 apr\u00e8s sinistre<\/p><\/li><li data-start=\"2765\" data-end=\"2812\"><p data-start=\"2767\" data-end=\"2812\">R\u00e9fection de terrasses fissur\u00e9es ou humides<\/p><\/li><li data-start=\"2813\" data-end=\"2889\"><p data-start=\"2815\" data-end=\"2889\">Coordination avec d\u2019autres corps d\u2019\u00e9tat (isolation, ravalement, carrelage)<\/p><\/li><\/ul><hr data-start=\"2891\" data-end=\"2894\" \/><h3 data-start=\"2896\" data-end=\"2930\">\ud83d\udee1\ufe0f La garantie EID B\u00e2timent<\/h3><ul data-start=\"2931\" data-end=\"3169\"><li data-start=\"2931\" data-end=\"2982\"><p data-start=\"2933\" data-end=\"2982\">Diagnostic technique complet avant intervention<\/p><\/li><li data-start=\"2983\" data-end=\"3032\"><p data-start=\"2985\" data-end=\"3032\">Mat\u00e9riaux professionnels certifi\u00e9s (CSTB, CE)<\/p><\/li><li data-start=\"3033\" data-end=\"3086\"><p data-start=\"3035\" data-end=\"3086\">Respect des normes DTU et r\u00e8gles professionnelles<\/p><\/li><li data-start=\"3087\" data-end=\"3138\"><p data-start=\"3089\" data-end=\"3138\">Garantie d\u00e9cennale sur nos travaux d\u2019\u00e9tanch\u00e9it\u00e9<\/p><\/li><li data-start=\"3139\" data-end=\"3169\"><p data-start=\"3141\" data-end=\"3169\">Devis gratuit et transparent<\/p><\/li><\/ul><hr data-start=\"3171\" data-end=\"3174\" \/><h3 data-start=\"3176\" data-end=\"3205\">\ud83d\udccd Zones d\u2019intervention<\/h3><p data-start=\"3206\" data-end=\"3242\">Nous intervenons rapidement dans :<\/p><ul data-start=\"3243\" data-end=\"3407\"><li data-start=\"3243\" data-end=\"3257\"><p data-start=\"3245\" data-end=\"3257\">Paris (75)<\/p><\/li><li data-start=\"3258\" data-end=\"3281\"><p data-start=\"3260\" data-end=\"3281\">Hauts-de-Seine (92)<\/p><\/li><li data-start=\"3282\" data-end=\"3308\"><p data-start=\"3284\" data-end=\"3308\">Seine-Saint-Denis (93)<\/p><\/li><li data-start=\"3309\" data-end=\"3330\"><p data-start=\"3311\" data-end=\"3330\">Val-de-Marne (94)<\/p><\/li><li data-start=\"3331\" data-end=\"3350\"><p data-start=\"3333\" data-end=\"3350\">Val-d\u2019Oise (95)<\/p><\/li><li data-start=\"3351\" data-end=\"3367\"><p data-start=\"3353\" data-end=\"3367\">Essonne (91)<\/p><\/li><li data-start=\"3368\" data-end=\"3385\"><p data-start=\"3370\" data-end=\"3385\">Yvelines (78)<\/p><\/li><li data-start=\"3386\" data-end=\"3407\"><p data-start=\"3388\" data-end=\"3407\">Seine-et-Marne (77)<\/p><\/li><\/ul><hr data-start=\"3409\" data-end=\"3412\" \/><h3 data-start=\"3414\" data-end=\"3430\">\ud83d\udcde Contact<\/h3><p data-start=\"3431\" data-end=\"3551\"><span style=\"font-weight: bolder;\" data-start=\"2879\" data-end=\"2895\">EID B\u00e2timent<\/span><br data-start=\"2895\" data-end=\"2898\" \/>12 Pl. Georges Pompidou, 93160 Noisy-le-Grand<br data-start=\"2931\" data-end=\"2934\" \/>\ud83d\udcf1 T\u00e9l\u00e9phone : 09 83 84 88 97<br data-start=\"2963\" data-end=\"2966\" \/>\ud83d\udce7 Email :\u00a0<a class=\"cursor-pointer\" style=\"color: #768492; background-color: #ffffff;\" rel=\"noopener\" data-start=\"2977\" data-end=\"2999\">eidbatiments@gmail.com<\/a><\/p>\t\t\t\t\t\t\t\t<\/div>\n\t\t\t\t<\/div>\n\t\t\t\t\t<\/div>\n\t\t<\/div>\n\t\t\t\t\t<\/div>\n\t\t<\/section>\n\t\t\t\t<section class=\"elementor-section elementor-top-section elementor-element elementor-element-353a117 elementor-section-boxed elementor-section-height-default elementor-section-height-default\" data-id=\"353a117\" data-element_type=\"section\" data-settings=\"{&quot;background_background&quot;:&quot;classic&quot;}\">\n\t\t\t\t\t\t<div class=\"elementor-container elementor-column-gap-default\">\n\t\t\t\t\t<div class=\"elementor-column elementor-col-100 elementor-top-column elementor-element elementor-element-1d56248a top column-style-top\" data-id=\"1d56248a\" data-element_type=\"column\">\n\t\t\t<div class=\"elementor-widget-wrap elementor-element-populated\">\n\t\t\t\t\t\t<div class=\"elementor-element elementor-element-41c9c009 elementor-widget elementor-widget-gva-call-to-action\" data-id=\"41c9c009\" data-element_type=\"widget\" data-widget_type=\"gva-call-to-action.default\">\n\t\t\t\t<div class=\"elementor-widget-container\">\n\t\t\t\t\t<div class=\"gva-element-gva-call-to-action gva-element\">\r\n   <div class=\"button-right widget gsc-call-to-action\">\r\n      <div class=\"content-inner clearfix\" >\r\n         <div class=\"cta-content\">\r\n                           <h2 class=\"title\">\r\n                  <span>Un projet de r\u00e9novation ? Faites confiance \u00e0 un partenaire certifi\u00e9 et exp\u00e9riment\u00e9.<\/span>\r\n               <\/h2>\r\n                                             <\/div>\r\n                     <div class=\"button-action\">\r\n                       <a href=\"https:\/\/eidbatiments.com\/?page_id=610\" class=\"btn-cta btn-theme-2\">\r\n          <span>Contactez-nous<\/span>\r\n        <\/a>\r\n\r\n                    <\/div>\r\n               <\/div>\r\n   <\/div>\r\n<\/div>\t\t\t\t<\/div>\n\t\t\t\t<\/div>\n\t\t\t\t\t<\/div>\n\t\t<\/div>\n\t\t\t\t\t<\/div>\n\t\t<\/section>\n\t\t\t\t<\/div>\n\t\t","protected":false},"excerpt":{"rendered":"<p>\ud83d\udca7 Travaux d\u2019\u00c9tanch\u00e9it\u00e9 \u00e0 Paris et en \u00cele-de-France EID B\u00e2timent : prot\u00e9gez durablement vos b\u00e2timents contre les infiltrations Sp\u00e9cialiste des travaux d\u2019\u00e9tanch\u00e9it\u00e9, EID B\u00e2timent vous accompagne dans la protection de [&hellip;]<\/p>\n","protected":false},"author":1,"featured_media":0,"parent":0,"menu_order":0,"comment_status":"closed","ping_status":"closed","template":"","meta":{"footnotes":""},"class_list":["post-10873","page","type-page","status-publish","hentry"],"_links":{"self":[{"href":"https:\/\/eidbatiments.com\/index.php?rest_route=\/wp\/v2\/pages\/10873","targetHints":{"allow":["GET"]}}],"collection":[{"href":"https:\/\/eidbatiments.com\/index.php?rest_route=\/wp\/v2\/pages"}],"about":[{"href":"https:\/\/eidbatiments.com\/index.php?rest_route=\/wp\/v2\/types\/page"}],"author":[{"embeddable":true,"href":"https:\/\/eidbatiments.com\/index.php?rest_route=\/wp\/v2\/users\/1"}],"replies":[{"embeddable":true,"href":"https:\/\/eidbatiments.com\/index.php?rest_route=%2Fwp%2Fv2%2Fcomments&post=10873"}],"version-history":[{"count":14,"href":"https:\/\/eidbatiments.com\/index.php?rest_route=\/wp\/v2\/pages\/10873\/revisions"}],"predecessor-version":[{"id":11293,"href":"https:\/\/eidbatiments.com\/index.php?rest_route=\/wp\/v2\/pages\/10873\/revisions\/11293"}],"wp:attachment":[{"href":"https:\/\/eidbatiments.com\/index.php?rest_route=%2Fwp%2Fv2%2Fmedia&parent=10873"}],"curies":[{"name":"wp","href":"https:\/\/api.w.org\/{rel}","templated":true}]}}